{"id":2,"date":"2023-09-25T12:27:18","date_gmt":"2023-09-25T10:27:18","guid":{"rendered":"https:\/\/xavs.cat\/?page_id=2"},"modified":"2025-05-19T20:51:00","modified_gmt":"2025-05-19T18:51:00","slug":"pagina-exemple","status":"publish","type":"page","link":"https:\/\/xavs.cat\/?page_id=2","title":{"rendered":"me"},"content":{"rendered":"\n<p>Aquest lloc \u00e9s un lloc on poso temes del meu dia a dia que veig interessant publicar per diferents raons. Una \u00e9s per a jo tenir un lloc on deixar les meves notes. Una altra \u00e9s per a poder explicar alguna cosa que encara que estigui en un altre lloc web potser \u00e9s massa complicat d&#8217;entendre. I finalment, escriure articles en catal\u00e0, perqu\u00e8 molts llocs d&#8217;aquest tipus no hi ha.<\/p>\n","protected":false},"excerpt":{"rendered":"<p>Aquest lloc \u00e9s un lloc on poso temes del meu dia a dia que veig interessant publicar per diferents raons. Una \u00e9s per a jo tenir un lloc on deixar les meves notes. Una altra \u00e9s per a poder explicar alguna cosa que encara que estigui en un altre lloc web potser \u00e9s massa complicat [&hellip;]<\/p>\n","protected":false},"author":1,"featured_media":0,"parent":0,"menu_order":0,"comment_status":"closed","ping_status":"open","template":"","meta":{"footnotes":""},"class_list":["post-2","page","type-page","status-publish","hentry"],"_links":{"self":[{"href":"https:\/\/xavs.cat\/index.php?rest_route=\/wp\/v2\/pages\/2","targetHints":{"allow":["GET"]}}],"collection":[{"href":"https:\/\/xavs.cat\/index.php?rest_route=\/wp\/v2\/pages"}],"about":[{"href":"https:\/\/xavs.cat\/index.php?rest_route=\/wp\/v2\/types\/page"}],"author":[{"embeddable":true,"href":"https:\/\/xavs.cat\/index.php?rest_route=\/wp\/v2\/users\/1"}],"replies":[{"embeddable":true,"href":"https:\/\/xavs.cat\/index.php?rest_route=%2Fwp%2Fv2%2Fcomments&post=2"}],"version-history":[{"count":1,"href":"https:\/\/xavs.cat\/index.php?rest_route=\/wp\/v2\/pages\/2\/revisions"}],"predecessor-version":[{"id":68,"href":"https:\/\/xavs.cat\/index.php?rest_route=\/wp\/v2\/pages\/2\/revisions\/68"}],"wp:attachment":[{"href":"https:\/\/xavs.cat\/index.php?rest_route=%2Fwp%2Fv2%2Fmedia&parent=2"}],"curies":[{"name":"wp","href":"https:\/\/api.w.org\/{rel}","templated":true}]}}